{"id":990,"date":"2026-02-20T20:51:08","date_gmt":"2026-02-20T20:51:08","guid":{"rendered":"https:\/\/losdoctoresdelcelular.com\/?post_type=product&#038;p=990"},"modified":"2026-04-05T01:08:38","modified_gmt":"2026-04-05T01:08:38","slug":"bateria-portatil-recargable-de-20000-mah","status":"publish","type":"product","link":"https:\/\/losdoctoresdelcelular.com\/en\/product\/bateria-portatil-recargable-de-20000-mah\/","title":{"rendered":"Bater\u00eda Port\u00e1til Recargable de 20 000 mAh"},"content":{"rendered":"<p>Caracter\u00edsticas del producto:<\/p>\n<ul>\n<li>Entrada: 5V \/ 2A<\/li>\n<li>Salida: 5V \/ 2.1A<\/li>\n<li>Capacidad: 20 000 mAh<\/li>\n<li>Modelo: GAR159<\/li>\n<li>Compatibilidad: dispone de 4 cables compatibles con salidas V8, iPhone y tipo C.<\/li>\n<li>Bater\u00eda de larga duraci\u00f3n:<\/li>\n<li>Luz LED: puede mostrar el estado de carga.<\/li>\n<li>Perfecto para todo tipo de dispositivos Android\/iOS.<\/li>\n<\/ul>\n<p>&nbsp;<\/p>\n<p>Incluye:<\/p>\n<ul>\n<li>Bater\u00eda port\u00e1til con 4 cables.<\/li>\n<\/ul>","protected":false},"excerpt":{"rendered":"<p>Bater\u00eda port\u00e1til con 4 cables.<\/p>\n<p>Eficaz y elegante, compa\u00f1ero perfecto para viajar, trabajar, cualquier escena, nunca te quedar\u00e1s sin bater\u00eda.<\/p>\n<p>&nbsp;<\/p>","protected":false},"featured_media":991,"comment_status":"open","ping_status":"closed","template":"","meta":[],"product_brand":[],"product_cat":[27],"product_tag":[],"class_list":{"0":"post-990","1":"product","2":"type-product","3":"status-publish","4":"has-post-thumbnail","6":"product_cat-cables-y-cargadores","8":"first","9":"instock","10":"shipping-taxable","11":"purchasable","12":"product-type-simple"},"_links":{"self":[{"href":"https:\/\/losdoctoresdelcelular.com\/en\/wp-json\/wp\/v2\/product\/990","targetHints":{"allow":["GET"]}}],"collection":[{"href":"https:\/\/losdoctoresdelcelular.com\/en\/wp-json\/wp\/v2\/product"}],"about":[{"href":"https:\/\/losdoctoresdelcelular.com\/en\/wp-json\/wp\/v2\/types\/product"}],"replies":[{"embeddable":true,"href":"https:\/\/losdoctoresdelcelular.com\/en\/wp-json\/wp\/v2\/comments?post=990"}],"wp:featuredmedia":[{"embeddable":true,"href":"https:\/\/losdoctoresdelcelular.com\/en\/wp-json\/wp\/v2\/media\/991"}],"wp:attachment":[{"href":"https:\/\/losdoctoresdelcelular.com\/en\/wp-json\/wp\/v2\/media?parent=990"}],"wp:term":[{"taxonomy":"product_brand","embeddable":true,"href":"https:\/\/losdoctoresdelcelular.com\/en\/wp-json\/wp\/v2\/product_brand?post=990"},{"taxonomy":"product_cat","embeddable":true,"href":"https:\/\/losdoctoresdelcelular.com\/en\/wp-json\/wp\/v2\/product_cat?post=990"},{"taxonomy":"product_tag","embeddable":true,"href":"https:\/\/losdoctoresdelcelular.com\/en\/wp-json\/wp\/v2\/product_tag?post=990"}],"curies":[{"name":"wp","href":"https:\/\/api.w.org\/{rel}","templated":true}]}}