{"id":983,"date":"2026-02-20T19:26:54","date_gmt":"2026-02-20T19:26:54","guid":{"rendered":"https:\/\/losdoctoresdelcelular.com\/?post_type=product&#038;p=983"},"modified":"2026-03-20T00:15:42","modified_gmt":"2026-03-20T00:15:42","slug":"soporte-para-movil-con-sensor-de-gravedad","status":"publish","type":"product","link":"https:\/\/losdoctoresdelcelular.com\/en\/product\/soporte-para-movil-con-sensor-de-gravedad\/","title":{"rendered":"Soporte para M\u00f3vil con Sensor de Gravedad para Auto"},"content":{"rendered":"<ul class=\"a-unordered-list a-vertical a-spacing-mini\">\n<li class=\"a-spacing-mini\"><span class=\"a-list-item\">Detecci\u00f3n de gravedad sin da\u00f1ar el tel\u00e9fono m\u00f3vil.<\/span><\/li>\n<li class=\"a-spacing-mini\"><span class=\"a-list-item\">El sensor de gravedad, hace que el brazo sujete y bloquee el tel\u00e9fono m\u00f3vil, formando una estructura estable de cohesi\u00f3n de tres puntos, sin importar las turbulencias y cu\u00e1n malas sean las condiciones de la carretera.<\/span><\/li>\n<li class=\"a-spacing-mini\"><span class=\"a-list-item\">Presenta un aspecto moderno.<\/span><\/li>\n<li class=\"a-spacing-mini\"><span class=\"a-list-item\">Una vez colocado y cerrado, se puede operar con una sola mano.<\/span><\/li>\n<li class=\"a-spacing-mini\"><span class=\"a-list-item\">Ajuste autom\u00e1tico durante todo el proceso, simple y conveniente.<\/span><\/li>\n<li class=\"a-spacing-mini\"><span class=\"a-list-item\">360 grados giratorios, conexi\u00f3n de bola universal con rotaci\u00f3n ajustable.<\/span><\/li>\n<li class=\"a-spacing-mini\"><span class=\"a-list-item\">La parte posterior del soporte adopta el dise\u00f1o de b\u00fasqueda de calor, el aire acondicionado de evacuaci\u00f3n es aire de calefacci\u00f3n y refrigeraci\u00f3n y la temperatura del tel\u00e9fono m\u00f3vil es demasiado alta.<\/span><\/li>\n<\/ul>","protected":false},"excerpt":{"rendered":"<table class=\"a-normal a-spacing-micro\" role=\"list\">\n<tbody>\n<tr class=\"a-spacing-small po-brand\" role=\"listitem\">\n<td class=\"a-span3\" role=\"presentation\"><span class=\"a-size-base a-text-bold\">Marca<\/span><\/td>\n<td class=\"a-span9\" role=\"presentation\"><span class=\"a-size-base po-break-word\">CYGURT<\/span><\/td>\n<\/tr>\n<tr class=\"a-spacing-small po-color\" role=\"listitem\">\n<td class=\"a-span3\" role=\"presentation\"><span class=\"a-size-base a-text-bold\">Color<\/span><\/td>\n<td class=\"a-span9\" role=\"presentation\"><span class=\"a-size-base po-break-word\">Modelo de espejo plateado<\/span><\/td>\n<\/tr>\n<tr class=\"a-spacing-small po-special_feature\" role=\"listitem\">\n<td class=\"a-span3\" role=\"presentation\"><span class=\"a-size-base a-text-bold\">Caracter\u00edsticas especiales<\/span><\/td>\n<td class=\"a-span9\" role=\"presentation\"><span class=\"a-size-base po-break-word\">Rotaci\u00f3n ajustable<\/span><\/td>\n<\/tr>\n<tr class=\"a-spacing-small po-item_dimensions\" role=\"listitem\">\n<td class=\"a-span3\" role=\"presentation\"><span class=\"a-size-base a-text-bold\">Dimensiones del art\u00edculo LxWxH<\/span><\/td>\n<td class=\"a-span9\" role=\"presentation\"><span class=\"a-size-base po-break-word\">7,87 x 7,87 x 7,87 pulgadas<\/span><\/td>\n<\/tr>\n<\/tbody>\n<\/table>\n<p>&nbsp;<\/p>","protected":false},"featured_media":984,"comment_status":"open","ping_status":"closed","template":"","meta":[],"product_brand":[],"product_cat":[46],"product_tag":[],"class_list":{"0":"post-983","1":"product","2":"type-product","3":"status-publish","4":"has-post-thumbnail","6":"product_cat-ferreteria-y-paneles-solares","8":"first","9":"instock","10":"shipping-taxable","11":"purchasable","12":"product-type-simple"},"_links":{"self":[{"href":"https:\/\/losdoctoresdelcelular.com\/en\/wp-json\/wp\/v2\/product\/983","targetHints":{"allow":["GET"]}}],"collection":[{"href":"https:\/\/losdoctoresdelcelular.com\/en\/wp-json\/wp\/v2\/product"}],"about":[{"href":"https:\/\/losdoctoresdelcelular.com\/en\/wp-json\/wp\/v2\/types\/product"}],"replies":[{"embeddable":true,"href":"https:\/\/losdoctoresdelcelular.com\/en\/wp-json\/wp\/v2\/comments?post=983"}],"wp:featuredmedia":[{"embeddable":true,"href":"https:\/\/losdoctoresdelcelular.com\/en\/wp-json\/wp\/v2\/media\/984"}],"wp:attachment":[{"href":"https:\/\/losdoctoresdelcelular.com\/en\/wp-json\/wp\/v2\/media?parent=983"}],"wp:term":[{"taxonomy":"product_brand","embeddable":true,"href":"https:\/\/losdoctoresdelcelular.com\/en\/wp-json\/wp\/v2\/product_brand?post=983"},{"taxonomy":"product_cat","embeddable":true,"href":"https:\/\/losdoctoresdelcelular.com\/en\/wp-json\/wp\/v2\/product_cat?post=983"},{"taxonomy":"product_tag","embeddable":true,"href":"https:\/\/losdoctoresdelcelular.com\/en\/wp-json\/wp\/v2\/product_tag?post=983"}],"curies":[{"name":"wp","href":"https:\/\/api.w.org\/{rel}","templated":true}]}}