{"id":971,"date":"2026-02-19T21:28:05","date_gmt":"2026-02-19T21:28:05","guid":{"rendered":"https:\/\/losdoctoresdelcelular.com\/?post_type=product&#038;p=971"},"modified":"2026-03-19T22:26:19","modified_gmt":"2026-03-19T22:26:19","slug":"mouse-inalambrico-q20-1","status":"publish","type":"product","link":"https:\/\/losdoctoresdelcelular.com\/en\/product\/mouse-inalambrico-q20-1\/","title":{"rendered":"Mouse Inal\u00e1mbrico"},"content":{"rendered":"<p>Especificaciones T\u00e9cnicas<\/p>\n<ul>\n<li>Modelo de conexi\u00f3n: Est\u00e1 marcado como DM (Dual Mode). Esto significa que funciona tanto por 2.4G inal\u00e1mbrico (con el receptor USB) como por Bluetooth.<\/li>\n<li>Color: La caja indica que es de color Plateado (SR\/Silver).<\/li>\n<\/ul>\n<p>&nbsp;<\/p>\n<p>Caracter\u00edsticas Principales<\/p>\n<ul>\n<li>Compatibilidad: Es compatible con m\u00faltiples versiones de Windows (Windows 10, 8, 7 y XP).<\/li>\n<li>Dise\u00f1o: Tiene un estilo minimalista y plano, similar al Magic Mouse de Apple, lo que lo hace muy port\u00e1til.<\/li>\n<li>Carga: Aunque no se ve el puerto, este tipo de modelos suelen ser recargables mediante un cable USB-C o Micro-USB.<\/li>\n<\/ul>","protected":false},"excerpt":{"rendered":"<p>Mouse Inal\u00e1mbrico modelo Q20-1, de 2,4 GHz para Macbook Air Pro, escritorio, PC, port\u00e1til. Delgado y ligero.<\/p>\n<p>&nbsp;<\/p>","protected":false},"featured_media":972,"comment_status":"open","ping_status":"closed","template":"","meta":[],"product_brand":[],"product_cat":[40],"product_tag":[],"class_list":{"0":"post-971","1":"product","2":"type-product","3":"status-publish","4":"has-post-thumbnail","6":"product_cat-partes-y-piezas-de-pc","8":"first","9":"instock","10":"shipping-taxable","11":"purchasable","12":"product-type-simple"},"_links":{"self":[{"href":"https:\/\/losdoctoresdelcelular.com\/en\/wp-json\/wp\/v2\/product\/971","targetHints":{"allow":["GET"]}}],"collection":[{"href":"https:\/\/losdoctoresdelcelular.com\/en\/wp-json\/wp\/v2\/product"}],"about":[{"href":"https:\/\/losdoctoresdelcelular.com\/en\/wp-json\/wp\/v2\/types\/product"}],"replies":[{"embeddable":true,"href":"https:\/\/losdoctoresdelcelular.com\/en\/wp-json\/wp\/v2\/comments?post=971"}],"wp:featuredmedia":[{"embeddable":true,"href":"https:\/\/losdoctoresdelcelular.com\/en\/wp-json\/wp\/v2\/media\/972"}],"wp:attachment":[{"href":"https:\/\/losdoctoresdelcelular.com\/en\/wp-json\/wp\/v2\/media?parent=971"}],"wp:term":[{"taxonomy":"product_brand","embeddable":true,"href":"https:\/\/losdoctoresdelcelular.com\/en\/wp-json\/wp\/v2\/product_brand?post=971"},{"taxonomy":"product_cat","embeddable":true,"href":"https:\/\/losdoctoresdelcelular.com\/en\/wp-json\/wp\/v2\/product_cat?post=971"},{"taxonomy":"product_tag","embeddable":true,"href":"https:\/\/losdoctoresdelcelular.com\/en\/wp-json\/wp\/v2\/product_tag?post=971"}],"curies":[{"name":"wp","href":"https:\/\/api.w.org\/{rel}","templated":true}]}}