{"id":945,"date":"2026-02-18T22:00:10","date_gmt":"2026-02-18T22:00:10","guid":{"rendered":"https:\/\/losdoctoresdelcelular.com\/?post_type=product&#038;p=945"},"modified":"2026-03-02T17:00:17","modified_gmt":"2026-03-02T17:00:17","slug":"bocina-para-pc-modelo-k2037","status":"publish","type":"product","link":"https:\/\/losdoctoresdelcelular.com\/en\/product\/bocina-para-pc-modelo-k2037\/","title":{"rendered":"Bocina para PC Modelo &#8211; K2037"},"content":{"rendered":"<p><span style=\"color: #000000;\">Bocina para PC Modelo &#8211; K2037<\/span><\/p>\n<ul>\n<li>La potencia de audio de 6 W (3 W x 2 RMS) le brinda un sonido claro y equilibrado.<\/li>\n<li>Amplio rango de frecuencia (90 Hz \u2013 20 KHz) para mostrar sonidos desde graves profundos hasta frecuencias altas.<\/li>\n<li>Compatible con computadoras, port\u00e1tiles y tel\u00e9fonos a trav\u00e9s del puerto de audio est\u00e1ndar.<\/li>\n<\/ul>","protected":false},"excerpt":{"rendered":"<p>Bocina para PC Modelo &#8211; K2037<\/p>\n<p>Dise\u00f1o elegante y moderno con un tama\u00f1o compacto que se adapta a la oficina o al hogar.<\/p>\n<p>&nbsp;<\/p>","protected":false},"featured_media":953,"comment_status":"open","ping_status":"closed","template":"","meta":[],"product_brand":[],"product_cat":[40],"product_tag":[],"class_list":{"0":"post-945","1":"product","2":"type-product","3":"status-publish","4":"has-post-thumbnail","6":"product_cat-partes-y-piezas-de-pc","8":"first","9":"instock","10":"shipping-taxable","11":"purchasable","12":"product-type-simple"},"_links":{"self":[{"href":"https:\/\/losdoctoresdelcelular.com\/en\/wp-json\/wp\/v2\/product\/945","targetHints":{"allow":["GET"]}}],"collection":[{"href":"https:\/\/losdoctoresdelcelular.com\/en\/wp-json\/wp\/v2\/product"}],"about":[{"href":"https:\/\/losdoctoresdelcelular.com\/en\/wp-json\/wp\/v2\/types\/product"}],"replies":[{"embeddable":true,"href":"https:\/\/losdoctoresdelcelular.com\/en\/wp-json\/wp\/v2\/comments?post=945"}],"wp:featuredmedia":[{"embeddable":true,"href":"https:\/\/losdoctoresdelcelular.com\/en\/wp-json\/wp\/v2\/media\/953"}],"wp:attachment":[{"href":"https:\/\/losdoctoresdelcelular.com\/en\/wp-json\/wp\/v2\/media?parent=945"}],"wp:term":[{"taxonomy":"product_brand","embeddable":true,"href":"https:\/\/losdoctoresdelcelular.com\/en\/wp-json\/wp\/v2\/product_brand?post=945"},{"taxonomy":"product_cat","embeddable":true,"href":"https:\/\/losdoctoresdelcelular.com\/en\/wp-json\/wp\/v2\/product_cat?post=945"},{"taxonomy":"product_tag","embeddable":true,"href":"https:\/\/losdoctoresdelcelular.com\/en\/wp-json\/wp\/v2\/product_tag?post=945"}],"curies":[{"name":"wp","href":"https:\/\/api.w.org\/{rel}","templated":true}]}}