{"id":909,"date":"2026-02-17T19:22:01","date_gmt":"2026-02-17T19:22:01","guid":{"rendered":"https:\/\/losdoctoresdelcelular.com\/?post_type=product&#038;p=909"},"modified":"2026-03-20T00:17:10","modified_gmt":"2026-03-20T00:17:10","slug":"909","status":"publish","type":"product","link":"https:\/\/losdoctoresdelcelular.com\/en\/product\/909\/","title":{"rendered":"Teclado y Mouse Limei T15"},"content":{"rendered":"<p>TECLADO<\/p>\n<ul>\n<li>Este teclado Limei T15 adopta un dise\u00f1o de tama\u00f1o completo y un dise\u00f1o de 104 teclas, lo que facilita escribir y jugar.<\/li>\n<li>La cubierta superior de aleaci\u00f3n de aluminio tiene una textura mate, se siente delicada y no es propensa a las huellas dactilares.<\/li>\n<li>El teclado viene con luz de fondo, lo que facilita su uso por la noche.<\/li>\n<li>El dise\u00f1o m\u00e1s considerado es su interfaz USB, que se puede conectar directamente a la computadora para su uso sin controladores adicionales.<\/li>\n<\/ul>\n<p>&nbsp;<\/p>\n<p>MOUSE<\/p>\n<ul>\n<li>El mouse Limei T15 adopta un dise\u00f1o ergon\u00f3mico, por lo que no se sentir\u00e1 cansado despu\u00e9s de usarlo durante mucho tiempo.<\/li>\n<li>Los botones izquierdo y derecho adoptan un dise\u00f1o silencioso, que se puede usar felizmente en el entorno de oficina.<\/li>\n<li>Tambi\u00e9n viene con ruedas de desplazamiento y botones de cambio de dpi, lo que permite ajustes r\u00e1pidos de sensibilidad basados \u200b\u200b\u200b\u200ben diferentes escenarios de uso.<\/li>\n<li>Lo m\u00e1s importante es que el cable tiene una buena longitud: no demasiado largo para que se enrede ni demasiado corto para que restrinja el movimiento.<\/li>\n<\/ul>","protected":false},"excerpt":{"rendered":"<p>Limei T15 &#8211; Juego de teclado y mouse con cable, interfaz USB cuadrada universal, para ordenador port\u00e1til, de escritorio, oficina y hogar.<\/p>","protected":false},"featured_media":910,"comment_status":"open","ping_status":"closed","template":"","meta":[],"product_brand":[],"product_cat":[40],"product_tag":[],"class_list":{"0":"post-909","1":"product","2":"type-product","3":"status-publish","4":"has-post-thumbnail","6":"product_cat-partes-y-piezas-de-pc","8":"first","9":"instock","10":"shipping-taxable","11":"purchasable","12":"product-type-simple"},"_links":{"self":[{"href":"https:\/\/losdoctoresdelcelular.com\/en\/wp-json\/wp\/v2\/product\/909","targetHints":{"allow":["GET"]}}],"collection":[{"href":"https:\/\/losdoctoresdelcelular.com\/en\/wp-json\/wp\/v2\/product"}],"about":[{"href":"https:\/\/losdoctoresdelcelular.com\/en\/wp-json\/wp\/v2\/types\/product"}],"replies":[{"embeddable":true,"href":"https:\/\/losdoctoresdelcelular.com\/en\/wp-json\/wp\/v2\/comments?post=909"}],"wp:featuredmedia":[{"embeddable":true,"href":"https:\/\/losdoctoresdelcelular.com\/en\/wp-json\/wp\/v2\/media\/910"}],"wp:attachment":[{"href":"https:\/\/losdoctoresdelcelular.com\/en\/wp-json\/wp\/v2\/media?parent=909"}],"wp:term":[{"taxonomy":"product_brand","embeddable":true,"href":"https:\/\/losdoctoresdelcelular.com\/en\/wp-json\/wp\/v2\/product_brand?post=909"},{"taxonomy":"product_cat","embeddable":true,"href":"https:\/\/losdoctoresdelcelular.com\/en\/wp-json\/wp\/v2\/product_cat?post=909"},{"taxonomy":"product_tag","embeddable":true,"href":"https:\/\/losdoctoresdelcelular.com\/en\/wp-json\/wp\/v2\/product_tag?post=909"}],"curies":[{"name":"wp","href":"https:\/\/api.w.org\/{rel}","templated":true}]}}