{"id":887,"date":"2026-02-13T14:18:07","date_gmt":"2026-02-13T14:18:07","guid":{"rendered":"https:\/\/losdoctoresdelcelular.com\/?post_type=product&#038;p=887"},"modified":"2026-03-02T17:55:56","modified_gmt":"2026-03-02T17:55:56","slug":"smart-watch","status":"publish","type":"product","link":"https:\/\/losdoctoresdelcelular.com\/en\/product\/smart-watch\/","title":{"rendered":"Smartwatch"},"content":{"rendered":"<p>&nbsp;<\/p>\n<p><strong>MATERIAL DEL RELOJ<\/strong>: Aleaci\u00f3n met\u00e1lica<\/p>\n<p><strong>PANTALLA<\/strong>: 2.19 pulgadas \u00abInfinite Display\u00bb (Bordes reducidos)<\/p>\n<p><strong>CORREA<\/strong>: Sport Band<\/p>\n<p><strong>COMPATIBILIDAD<\/strong>: Smartphones con Android 5.0 o versiones superiores<\/p>\n<p><strong>APP DE ENLACE<\/strong>: Hiwatch Plus<\/p>\n<p><strong>LLAMADAS<\/strong>: Soporta funci\u00f3n \u00abFinger to Finger Calling\u00bb y gesti\u00f3n de llamadas v\u00eda Bluetooth<\/p>\n<p><strong>CARGA<\/strong>: Carga inal\u00e1mbrica magn\u00e9tica<\/p>\n<p><strong>MONITOREO DE SALUD<\/strong>: Sensor de ritmo card\u00edaco<\/p>\n<p><strong>SEGUIMIENTO DE ACTIVIDAD<\/strong>: Contador de pasos (Step Count), calor\u00edas y recordatorios de sedentarismo.<\/p>\n<p><strong>MODOS DEPORTIVOS<\/strong>: M\u00faltiples perfiles de entrenamiento integrados en el software.<\/p>\n<p><strong>DURACI\u00d3N DE LA BATERIA<\/strong>: 3 dias<\/p>\n<p><strong>RESISTENCIA<\/strong>: IP67 (salpicaduras y lavado de manos; no sumergible ni para duchas).<\/p>\n<p>&nbsp;<\/p>\n<p>El reloj presenta una esfera azul que complementa el dise\u00f1o general, haci\u00e9ndolo perfecto para cualquier ocasi\u00f3n. Este reloj es completamente nuevo y se entrega en su embalaje original, sin usar. Su caja de 49 mm se adapta perfectamente a cualquier mu\u00f1eca.<\/p>","protected":false},"excerpt":{"rendered":"<p><strong><span style=\"color: #000000\">C90 Ultra 2 Naranja<\/span><\/strong><\/p>\n<p>&nbsp;<\/p>\n<p>Presentamos el reloj de pulsera Android C90 Ultra 2, un reloj elegante y con estilo tanto para hombre como para mujer. Con una impresionante pantalla de 2,19 pulgadas.<\/p>\n<p>&nbsp;<\/p>","protected":false},"featured_media":889,"comment_status":"open","ping_status":"closed","template":"","meta":[],"product_brand":[],"product_cat":[49],"product_tag":[],"class_list":{"0":"post-887","1":"product","2":"type-product","3":"status-publish","4":"has-post-thumbnail","6":"product_cat-relojes","8":"first","9":"instock","10":"shipping-taxable","11":"purchasable","12":"product-type-simple"},"_links":{"self":[{"href":"https:\/\/losdoctoresdelcelular.com\/en\/wp-json\/wp\/v2\/product\/887","targetHints":{"allow":["GET"]}}],"collection":[{"href":"https:\/\/losdoctoresdelcelular.com\/en\/wp-json\/wp\/v2\/product"}],"about":[{"href":"https:\/\/losdoctoresdelcelular.com\/en\/wp-json\/wp\/v2\/types\/product"}],"replies":[{"embeddable":true,"href":"https:\/\/losdoctoresdelcelular.com\/en\/wp-json\/wp\/v2\/comments?post=887"}],"wp:featuredmedia":[{"embeddable":true,"href":"https:\/\/losdoctoresdelcelular.com\/en\/wp-json\/wp\/v2\/media\/889"}],"wp:attachment":[{"href":"https:\/\/losdoctoresdelcelular.com\/en\/wp-json\/wp\/v2\/media?parent=887"}],"wp:term":[{"taxonomy":"product_brand","embeddable":true,"href":"https:\/\/losdoctoresdelcelular.com\/en\/wp-json\/wp\/v2\/product_brand?post=887"},{"taxonomy":"product_cat","embeddable":true,"href":"https:\/\/losdoctoresdelcelular.com\/en\/wp-json\/wp\/v2\/product_cat?post=887"},{"taxonomy":"product_tag","embeddable":true,"href":"https:\/\/losdoctoresdelcelular.com\/en\/wp-json\/wp\/v2\/product_tag?post=887"}],"curies":[{"name":"wp","href":"https:\/\/api.w.org\/{rel}","templated":true}]}}