{"id":821,"date":"2026-01-26T21:14:35","date_gmt":"2026-01-26T21:14:35","guid":{"rendered":"https:\/\/losdoctoresdelcelular.com\/?post_type=product&#038;p=821"},"modified":"2026-03-02T17:48:04","modified_gmt":"2026-03-02T17:48:04","slug":"jbl-vibe-buds","status":"publish","type":"product","link":"https:\/\/losdoctoresdelcelular.com\/en\/product\/jbl-vibe-buds\/","title":{"rendered":"Aud\u00edfonos de Cable"},"content":{"rendered":"<p><strong>Modelo &#8211; Cokike M9 \u00abPure Sound\u00bb<\/strong><\/p>\n<p>Son un modelo cl\u00e1sico de cable con un acabado met\u00e1lico que suele ser bastante resistente para el d\u00eda a d\u00eda.<\/p>\n<p><strong>\u200bConector<\/strong>: Utiliza un jack de 3.5 mm (el est\u00e1ndar dorado que ves en el centro), lo que significa que es compatible con la mayor\u00eda de los tel\u00e9fonos con entrada de aud\u00edfonos, laptops y tablets.<br \/>\n\u200b<strong>Funciones<\/strong>: Incluye micr\u00f3fono y control remoto en el cable para llamadas y m\u00fasica.<br \/>\n\u200b<strong>Dise\u00f1o<\/strong>: Son de tipo In-ear (intraurales) con gomas ergon\u00f3micas para aislar un poco el ruido exterior.<\/p>","protected":false},"excerpt":{"rendered":"<p><span dir=\"auto\">Los auriculares met\u00e1licos <\/span><em><span dir=\"auto\">Cokike\u00a0<\/span><\/em><em><span dir=\"auto\">Pure Sound<\/span><\/em><span dir=\"auto\">\u00a0modelo\u00a0<\/span><em><span dir=\"auto\">M9<\/span><\/em><span dir=\"auto\"> est\u00e1n dise\u00f1ados para ofrecer audio de alta calidad en un dise\u00f1o elegante y duradero.<\/span><\/p>\n<p>&nbsp;<\/p>","protected":false},"featured_media":944,"comment_status":"open","ping_status":"closed","template":"","meta":[],"product_brand":[],"product_cat":[47],"product_tag":[],"class_list":{"0":"post-821","1":"product","2":"type-product","3":"status-publish","4":"has-post-thumbnail","6":"product_cat-auriculares-y-bocinas","8":"first","9":"outofstock","10":"shipping-taxable","11":"purchasable","12":"product-type-simple"},"_links":{"self":[{"href":"https:\/\/losdoctoresdelcelular.com\/en\/wp-json\/wp\/v2\/product\/821","targetHints":{"allow":["GET"]}}],"collection":[{"href":"https:\/\/losdoctoresdelcelular.com\/en\/wp-json\/wp\/v2\/product"}],"about":[{"href":"https:\/\/losdoctoresdelcelular.com\/en\/wp-json\/wp\/v2\/types\/product"}],"replies":[{"embeddable":true,"href":"https:\/\/losdoctoresdelcelular.com\/en\/wp-json\/wp\/v2\/comments?post=821"}],"wp:featuredmedia":[{"embeddable":true,"href":"https:\/\/losdoctoresdelcelular.com\/en\/wp-json\/wp\/v2\/media\/944"}],"wp:attachment":[{"href":"https:\/\/losdoctoresdelcelular.com\/en\/wp-json\/wp\/v2\/media?parent=821"}],"wp:term":[{"taxonomy":"product_brand","embeddable":true,"href":"https:\/\/losdoctoresdelcelular.com\/en\/wp-json\/wp\/v2\/product_brand?post=821"},{"taxonomy":"product_cat","embeddable":true,"href":"https:\/\/losdoctoresdelcelular.com\/en\/wp-json\/wp\/v2\/product_cat?post=821"},{"taxonomy":"product_tag","embeddable":true,"href":"https:\/\/losdoctoresdelcelular.com\/en\/wp-json\/wp\/v2\/product_tag?post=821"}],"curies":[{"name":"wp","href":"https:\/\/api.w.org\/{rel}","templated":true}]}}