{"id":560,"date":"2025-12-30T04:24:47","date_gmt":"2025-12-30T04:24:47","guid":{"rendered":"https:\/\/losdoctoresdelcelular.com\/?post_type=product&#038;p=560"},"modified":"2026-03-19T02:41:31","modified_gmt":"2026-03-19T02:41:31","slug":"bateria-para-iphone-12-12-pro","status":"publish","type":"product","link":"https:\/\/losdoctoresdelcelular.com\/en\/product\/bateria-para-iphone-12-12-pro\/","title":{"rendered":"Battery for iPhone 12 \/ 12 Pro"},"content":{"rendered":"<p><span data-sheets-root=\"1\">Bater\u00eda de iones de litio dise\u00f1ada espec\u00edficamente para iPhone 12 \/ 12 Pro, lo que garantiza compatibilidad y un rendimiento \u00f3ptimo y adhesivo de bater\u00eda preinstalado. Vienen con recuento de cero ciclos.<\/span><\/p>","protected":false},"excerpt":{"rendered":"<p><span data-sheets-root=\"1\">Bater\u00eda Certificada<\/span><\/p>","protected":false},"featured_media":562,"comment_status":"open","ping_status":"closed","template":"","meta":[],"product_brand":[],"product_cat":[52],"product_tag":[],"class_list":{"0":"post-560","1":"product","2":"type-product","3":"status-publish","4":"has-post-thumbnail","6":"product_cat-baterias","8":"first","9":"outofstock","10":"shipping-taxable","11":"purchasable","12":"product-type-simple"},"_links":{"self":[{"href":"https:\/\/losdoctoresdelcelular.com\/en\/wp-json\/wp\/v2\/product\/560","targetHints":{"allow":["GET"]}}],"collection":[{"href":"https:\/\/losdoctoresdelcelular.com\/en\/wp-json\/wp\/v2\/product"}],"about":[{"href":"https:\/\/losdoctoresdelcelular.com\/en\/wp-json\/wp\/v2\/types\/product"}],"replies":[{"embeddable":true,"href":"https:\/\/losdoctoresdelcelular.com\/en\/wp-json\/wp\/v2\/comments?post=560"}],"wp:featuredmedia":[{"embeddable":true,"href":"https:\/\/losdoctoresdelcelular.com\/en\/wp-json\/wp\/v2\/media\/562"}],"wp:attachment":[{"href":"https:\/\/losdoctoresdelcelular.com\/en\/wp-json\/wp\/v2\/media?parent=560"}],"wp:term":[{"taxonomy":"product_brand","embeddable":true,"href":"https:\/\/losdoctoresdelcelular.com\/en\/wp-json\/wp\/v2\/product_brand?post=560"},{"taxonomy":"product_cat","embeddable":true,"href":"https:\/\/losdoctoresdelcelular.com\/en\/wp-json\/wp\/v2\/product_cat?post=560"},{"taxonomy":"product_tag","embeddable":true,"href":"https:\/\/losdoctoresdelcelular.com\/en\/wp-json\/wp\/v2\/product_tag?post=560"}],"curies":[{"name":"wp","href":"https:\/\/api.w.org\/{rel}","templated":true}]}}