{"id":271,"date":"2025-12-03T03:31:29","date_gmt":"2025-12-03T03:31:29","guid":{"rendered":"https:\/\/lavender-barracuda-629487.hostingersite.com\/?post_type=product&#038;p=271"},"modified":"2026-03-02T15:14:59","modified_gmt":"2026-03-02T15:14:59","slug":"cargador-tipo-c","status":"publish","type":"product","link":"https:\/\/losdoctoresdelcelular.com\/en\/product\/cargador-tipo-c\/","title":{"rendered":"Cargador Samsung Tipo C PD25W"},"content":{"rendered":"<p class=\"tE7R7 indIKd q23Yce fA1vYb pb3iw\"><span style=\"color: #000000\">Cargador Samsung USB Tipo C a Tipo C de 25W<\/span><\/p>\n<p class=\"tE7R7 indIKd q23Yce fA1vYb pb3iw\">Este cargador de pared con capacidad de carga s\u00faper r\u00e1pida de 25 vatios utiliza Power Delivery (PD) para proporcionar la carga m\u00e1s eficiente posible.<\/p>\n<p class=\"tE7R7 indIKd q23Yce fA1vYb pb3iw\">M\u00e1s r\u00e1pido para ahorrar tiempo, carga s\u00faper r\u00e1pida y segura.<\/p>","protected":false},"excerpt":{"rendered":"<p>Cargador Tipo C PD25W Carga S\u00faper R\u00e1pida<\/p>\n<p>Incluye un cable con conectores Tipo C en ambos extremos, ideal para aprovechar la potencia m\u00e1xima del adaptador<\/p>","protected":false},"featured_media":900,"comment_status":"open","ping_status":"closed","template":"","meta":[],"product_brand":[],"product_cat":[27],"product_tag":[],"class_list":{"0":"post-271","1":"product","2":"type-product","3":"status-publish","4":"has-post-thumbnail","6":"product_cat-cables-y-cargadores","8":"first","9":"instock","10":"shipping-taxable","11":"purchasable","12":"product-type-simple"},"_links":{"self":[{"href":"https:\/\/losdoctoresdelcelular.com\/en\/wp-json\/wp\/v2\/product\/271","targetHints":{"allow":["GET"]}}],"collection":[{"href":"https:\/\/losdoctoresdelcelular.com\/en\/wp-json\/wp\/v2\/product"}],"about":[{"href":"https:\/\/losdoctoresdelcelular.com\/en\/wp-json\/wp\/v2\/types\/product"}],"replies":[{"embeddable":true,"href":"https:\/\/losdoctoresdelcelular.com\/en\/wp-json\/wp\/v2\/comments?post=271"}],"wp:featuredmedia":[{"embeddable":true,"href":"https:\/\/losdoctoresdelcelular.com\/en\/wp-json\/wp\/v2\/media\/900"}],"wp:attachment":[{"href":"https:\/\/losdoctoresdelcelular.com\/en\/wp-json\/wp\/v2\/media?parent=271"}],"wp:term":[{"taxonomy":"product_brand","embeddable":true,"href":"https:\/\/losdoctoresdelcelular.com\/en\/wp-json\/wp\/v2\/product_brand?post=271"},{"taxonomy":"product_cat","embeddable":true,"href":"https:\/\/losdoctoresdelcelular.com\/en\/wp-json\/wp\/v2\/product_cat?post=271"},{"taxonomy":"product_tag","embeddable":true,"href":"https:\/\/losdoctoresdelcelular.com\/en\/wp-json\/wp\/v2\/product_tag?post=271"}],"curies":[{"name":"wp","href":"https:\/\/api.w.org\/{rel}","templated":true}]}}