{"id":264,"date":"2025-12-03T03:25:28","date_gmt":"2025-12-03T03:25:28","guid":{"rendered":"https:\/\/lavender-barracuda-629487.hostingersite.com\/?post_type=product&#038;p=264"},"modified":"2026-03-28T18:13:26","modified_gmt":"2026-03-28T18:13:26","slug":"mica-de-hidrogel-transparente","status":"publish","type":"product","link":"https:\/\/losdoctoresdelcelular.com\/en\/product\/mica-de-hidrogel-transparente\/","title":{"rendered":"Mica de Hidrogel Transparente"},"content":{"rendered":"<p>&nbsp;<\/p>\n<p>Mica de Hidrogel para protecci\u00f3n de la pantalla. Regeneraci\u00f3n frente a marcas de huellas, u\u00f1as y hendiduras, compuesto por silicona o resina l\u00edquida, no afecta al reconocimiento de la huella para desbloquear<\/p>","protected":false},"excerpt":{"rendered":"<p><span data-sheets-root=\"1\">Mica de Hidrogel<\/span><\/p>\n<p>&nbsp;<\/p>","protected":false},"featured_media":1092,"comment_status":"open","ping_status":"closed","template":"","meta":[],"product_brand":[],"product_cat":[31],"product_tag":[],"class_list":{"0":"post-264","1":"product","2":"type-product","3":"status-publish","4":"has-post-thumbnail","6":"product_cat-telefonos-y-micas","8":"first","9":"instock","10":"shipping-taxable","11":"purchasable","12":"product-type-simple"},"_links":{"self":[{"href":"https:\/\/losdoctoresdelcelular.com\/en\/wp-json\/wp\/v2\/product\/264","targetHints":{"allow":["GET"]}}],"collection":[{"href":"https:\/\/losdoctoresdelcelular.com\/en\/wp-json\/wp\/v2\/product"}],"about":[{"href":"https:\/\/losdoctoresdelcelular.com\/en\/wp-json\/wp\/v2\/types\/product"}],"replies":[{"embeddable":true,"href":"https:\/\/losdoctoresdelcelular.com\/en\/wp-json\/wp\/v2\/comments?post=264"}],"wp:featuredmedia":[{"embeddable":true,"href":"https:\/\/losdoctoresdelcelular.com\/en\/wp-json\/wp\/v2\/media\/1092"}],"wp:attachment":[{"href":"https:\/\/losdoctoresdelcelular.com\/en\/wp-json\/wp\/v2\/media?parent=264"}],"wp:term":[{"taxonomy":"product_brand","embeddable":true,"href":"https:\/\/losdoctoresdelcelular.com\/en\/wp-json\/wp\/v2\/product_brand?post=264"},{"taxonomy":"product_cat","embeddable":true,"href":"https:\/\/losdoctoresdelcelular.com\/en\/wp-json\/wp\/v2\/product_cat?post=264"},{"taxonomy":"product_tag","embeddable":true,"href":"https:\/\/losdoctoresdelcelular.com\/en\/wp-json\/wp\/v2\/product_tag?post=264"}],"curies":[{"name":"wp","href":"https:\/\/api.w.org\/{rel}","templated":true}]}}