{"id":1081,"date":"2026-03-27T15:34:03","date_gmt":"2026-03-27T15:34:03","guid":{"rendered":"https:\/\/losdoctoresdelcelular.com\/?post_type=product&#038;p=1081"},"modified":"2026-04-10T19:03:26","modified_gmt":"2026-04-10T19:03:26","slug":"ecoflow-delta-3-classic-1024-wh","status":"publish","type":"product","link":"https:\/\/losdoctoresdelcelular.com\/en\/product\/ecoflow-delta-3-classic-1024-wh\/","title":{"rendered":"EcoFlow DELTA 3 Classic 1024 Wh"},"content":{"rendered":"<p>&nbsp;<\/p>\n<ul>\n<li>Potencia de Salida: 1800W.<\/li>\n<li>Carga Ultra R\u00e1pida (AC): Se carga de 0% a 80% en solo 45 minutos conectado a la corriente de pared.<\/li>\n<li>Funci\u00f3n UPS: Tiempo de respuesta de menos de 10ms.<\/li>\n<li>Operaci\u00f3n Silenciosa: Trabaja a menos de 30 DB.<\/li>\n<li>Puertos de Salida: Incluye 6 enchufes de pared (AC), puertos USB-A y puertos USB-C de 100W para carga r\u00e1pida de laptops modernas.<\/li>\n<li>Qu\u00edmica de Bater\u00eda: LFP (LiFePO4), que ofrece m\u00e1s de 3000 ciclos de vida.<\/li>\n<li>Entrada Solar: Admite hasta 500W de paneles solares.<\/li>\n<\/ul>","protected":false},"excerpt":{"rendered":"<p>Estaci\u00f3n de energ\u00eda port\u00e1til<\/p>\n<p>&nbsp;<\/p>","protected":false},"featured_media":1085,"comment_status":"open","ping_status":"closed","template":"","meta":[],"product_brand":[],"product_cat":[46],"product_tag":[],"class_list":{"0":"post-1081","1":"product","2":"type-product","3":"status-publish","4":"has-post-thumbnail","6":"product_cat-ferreteria-y-paneles-solares","8":"first","9":"instock","10":"shipping-taxable","11":"purchasable","12":"product-type-simple"},"_links":{"self":[{"href":"https:\/\/losdoctoresdelcelular.com\/en\/wp-json\/wp\/v2\/product\/1081","targetHints":{"allow":["GET"]}}],"collection":[{"href":"https:\/\/losdoctoresdelcelular.com\/en\/wp-json\/wp\/v2\/product"}],"about":[{"href":"https:\/\/losdoctoresdelcelular.com\/en\/wp-json\/wp\/v2\/types\/product"}],"replies":[{"embeddable":true,"href":"https:\/\/losdoctoresdelcelular.com\/en\/wp-json\/wp\/v2\/comments?post=1081"}],"wp:featuredmedia":[{"embeddable":true,"href":"https:\/\/losdoctoresdelcelular.com\/en\/wp-json\/wp\/v2\/media\/1085"}],"wp:attachment":[{"href":"https:\/\/losdoctoresdelcelular.com\/en\/wp-json\/wp\/v2\/media?parent=1081"}],"wp:term":[{"taxonomy":"product_brand","embeddable":true,"href":"https:\/\/losdoctoresdelcelular.com\/en\/wp-json\/wp\/v2\/product_brand?post=1081"},{"taxonomy":"product_cat","embeddable":true,"href":"https:\/\/losdoctoresdelcelular.com\/en\/wp-json\/wp\/v2\/product_cat?post=1081"},{"taxonomy":"product_tag","embeddable":true,"href":"https:\/\/losdoctoresdelcelular.com\/en\/wp-json\/wp\/v2\/product_tag?post=1081"}],"curies":[{"name":"wp","href":"https:\/\/api.w.org\/{rel}","templated":true}]}}