{"id":1036,"date":"2026-03-02T15:42:12","date_gmt":"2026-03-02T15:42:12","guid":{"rendered":"https:\/\/losdoctoresdelcelular.com\/?post_type=product&#038;p=1036"},"modified":"2026-03-20T00:15:56","modified_gmt":"2026-03-20T00:15:56","slug":"soporte-para-movil-en-el-manillar-de-la-moto","status":"publish","type":"product","link":"https:\/\/losdoctoresdelcelular.com\/en\/product\/soporte-para-movil-en-el-manillar-de-la-moto\/","title":{"rendered":"Soporte para M\u00f3vil en el manillar de la Moto"},"content":{"rendered":"<p>&nbsp;<\/p>\n<p>Fabricado con materiales de alta calidad, es seguro y duradero.<\/p>\n<p>Con su dise\u00f1o basado en la gravedad, el centro es m\u00e1s estable. Se sujeta y libera autom\u00e1ticamente.<\/p>\n<p>Se fija firmemente al manillar, evitando vibraciones y ca\u00eddas, brind\u00e1ndote tranquilidad y protegiendo tu valioso dispositivo.<\/p>\n<p>No obstruye la vista y tiene un puerto de carga preperforado en la parte inferior durante la carga.<\/p>\n<p>Ganchos con n\u00facleo de acero para bloquear la salida de aire.<\/p>","protected":false},"excerpt":{"rendered":"<p>Soporte para tel\u00e9fono de motocicleta, giratorio 360\u00b0<\/p>\n<p>&nbsp;<\/p>","protected":false},"featured_media":1037,"comment_status":"open","ping_status":"closed","template":"","meta":[],"product_brand":[],"product_cat":[46],"product_tag":[],"class_list":{"0":"post-1036","1":"product","2":"type-product","3":"status-publish","4":"has-post-thumbnail","6":"product_cat-ferreteria-y-paneles-solares","8":"first","9":"instock","10":"shipping-taxable","11":"purchasable","12":"product-type-simple"},"_links":{"self":[{"href":"https:\/\/losdoctoresdelcelular.com\/en\/wp-json\/wp\/v2\/product\/1036","targetHints":{"allow":["GET"]}}],"collection":[{"href":"https:\/\/losdoctoresdelcelular.com\/en\/wp-json\/wp\/v2\/product"}],"about":[{"href":"https:\/\/losdoctoresdelcelular.com\/en\/wp-json\/wp\/v2\/types\/product"}],"replies":[{"embeddable":true,"href":"https:\/\/losdoctoresdelcelular.com\/en\/wp-json\/wp\/v2\/comments?post=1036"}],"wp:featuredmedia":[{"embeddable":true,"href":"https:\/\/losdoctoresdelcelular.com\/en\/wp-json\/wp\/v2\/media\/1037"}],"wp:attachment":[{"href":"https:\/\/losdoctoresdelcelular.com\/en\/wp-json\/wp\/v2\/media?parent=1036"}],"wp:term":[{"taxonomy":"product_brand","embeddable":true,"href":"https:\/\/losdoctoresdelcelular.com\/en\/wp-json\/wp\/v2\/product_brand?post=1036"},{"taxonomy":"product_cat","embeddable":true,"href":"https:\/\/losdoctoresdelcelular.com\/en\/wp-json\/wp\/v2\/product_cat?post=1036"},{"taxonomy":"product_tag","embeddable":true,"href":"https:\/\/losdoctoresdelcelular.com\/en\/wp-json\/wp\/v2\/product_tag?post=1036"}],"curies":[{"name":"wp","href":"https:\/\/api.w.org\/{rel}","templated":true}]}}