{"id":1019,"date":"2026-02-24T20:14:51","date_gmt":"2026-02-24T20:14:51","guid":{"rendered":"https:\/\/losdoctoresdelcelular.com\/?post_type=product&#038;p=1019"},"modified":"2026-04-05T01:07:26","modified_gmt":"2026-04-05T01:07:26","slug":"1019","status":"publish","type":"product","link":"https:\/\/losdoctoresdelcelular.com\/en\/product\/1019\/","title":{"rendered":"Cargador Para Auto de 3A"},"content":{"rendered":"<ul>\n<li>Cargador Auto Carga R\u00e1pida: 1Hora cargador para auto usb QC 3.0 se puede cargar el dispositivo al 40% en 30 minutos. le proporciona una potencia de salida m\u00e1xima de 18W ( incluye un cable usb a tipo c)<\/li>\n<li>Compatibilidad Universal: ALCATEL, HISENSE, HTC, Huawei, IPHONE, LANIX, LENOVO, Lg, M4, Motorola, Nokia, OPPO, Oneplus, Samsung, Sony, Xiaomi, ZTE.<\/li>\n<li>Protecci\u00f3n de carga segura: Dise\u00f1o de circuito inteligente incorporado, este cargador de auto protege sus dispositivos contra cortocircuitos, sobrecalentamiento, sobrecorrientes y sobrecargas, lo que garantiza un alto rendimiento y confiabilidad.<\/li>\n<li>Material Met\u00e1lico: Cargador auto est\u00e1 hecho de material de aleaci\u00f3n de aluminio, lo cual es m\u00e1s seguro que uno de pl\u00e1stico, tiene una fuerte conductividad t\u00e9rmica, puede acelerar la disipaci\u00f3n de calor y no se calienta durante la carga.<\/li>\n<li>Dise\u00f1o premium: El dise\u00f1o de contacto de metralla hace que el cargador del autom\u00f3vil se conecte firmemente, sin importar que la situaci\u00f3n sea un camino lleno de baches, puede proporcionar una fuente de alimentaci\u00f3n estable para el dispositivo<\/li>\n<\/ul>\n<h4><\/h4>\n<h4>Especificaciones:<\/h4>\n<ul>\n<li>Color: Gris.<\/li>\n<li>Entrada: 12-24VDC.<\/li>\n<li>Salida: 5VDC-3A, 9VDC-2.2A, 12VDC-1.67A.<\/li>\n<li>Potencia: 18W.<\/li>\n<li>Entrada: Micro USB.<\/li>\n<li>Cuenta con Tipo de Conector USB-C.<\/li>\n<li>El voltaje de entrada es de 110V.<\/li>\n<li>El voltaje de salida es de 5V.<\/li>\n<li>El largo del cable es de 1m.<\/li>\n<\/ul>","protected":false},"excerpt":{"rendered":"<h6 class=\"ui-pdp-title\"><span style=\"color: #000080\">Cargador Para Autom\u00f3vil + Cable Tipo C, 5VDC 3A, 18W.<\/span><\/h6>\n<p>Marca de Cargador: 1Hora<\/p>\n<p>Modelo de Cargador: GAR116<\/p>\n<p>Tipo de Conector: USB-C<\/p>\n<p>Color: Gris<\/p>\n<p>&nbsp;<\/p>","protected":false},"featured_media":1026,"comment_status":"open","ping_status":"closed","template":"","meta":[],"product_brand":[],"product_cat":[27],"product_tag":[],"class_list":{"0":"post-1019","1":"product","2":"type-product","3":"status-publish","4":"has-post-thumbnail","6":"product_cat-cables-y-cargadores","8":"first","9":"instock","10":"shipping-taxable","11":"purchasable","12":"product-type-simple"},"_links":{"self":[{"href":"https:\/\/losdoctoresdelcelular.com\/en\/wp-json\/wp\/v2\/product\/1019","targetHints":{"allow":["GET"]}}],"collection":[{"href":"https:\/\/losdoctoresdelcelular.com\/en\/wp-json\/wp\/v2\/product"}],"about":[{"href":"https:\/\/losdoctoresdelcelular.com\/en\/wp-json\/wp\/v2\/types\/product"}],"replies":[{"embeddable":true,"href":"https:\/\/losdoctoresdelcelular.com\/en\/wp-json\/wp\/v2\/comments?post=1019"}],"wp:featuredmedia":[{"embeddable":true,"href":"https:\/\/losdoctoresdelcelular.com\/en\/wp-json\/wp\/v2\/media\/1026"}],"wp:attachment":[{"href":"https:\/\/losdoctoresdelcelular.com\/en\/wp-json\/wp\/v2\/media?parent=1019"}],"wp:term":[{"taxonomy":"product_brand","embeddable":true,"href":"https:\/\/losdoctoresdelcelular.com\/en\/wp-json\/wp\/v2\/product_brand?post=1019"},{"taxonomy":"product_cat","embeddable":true,"href":"https:\/\/losdoctoresdelcelular.com\/en\/wp-json\/wp\/v2\/product_cat?post=1019"},{"taxonomy":"product_tag","embeddable":true,"href":"https:\/\/losdoctoresdelcelular.com\/en\/wp-json\/wp\/v2\/product_tag?post=1019"}],"curies":[{"name":"wp","href":"https:\/\/api.w.org\/{rel}","templated":true}]}}