{"id":1012,"date":"2026-02-23T22:06:08","date_gmt":"2026-02-23T22:06:08","guid":{"rendered":"https:\/\/losdoctoresdelcelular.com\/?post_type=product&#038;p=1012"},"modified":"2026-03-20T00:16:16","modified_gmt":"2026-03-20T00:16:16","slug":"soporte-plegable-para-celular","status":"publish","type":"product","link":"https:\/\/losdoctoresdelcelular.com\/en\/product\/soporte-plegable-para-celular\/","title":{"rendered":"Soporte Plegable para Celular"},"content":{"rendered":"<p><strong>Soporte ajustable<\/strong>: Soporte de tel\u00e9fono plegable y port\u00e1til con altura y \u00e1ngulo ajustables para uso en escritorio<\/p>\n<p><strong>Construcci\u00f3n de metal<\/strong>: Hecho de material de metal duradero para estabilidad y resistencia<\/p>\n<p><strong>Dispositivos compatibles<\/strong>: Se adapta a tel\u00e9fonos inteligentes, incluyendo iPhone y Switch para visualizaci\u00f3n manos libres<\/p>\n<p><strong>Dise\u00f1o plegable<\/strong>: Se pliega el soporte compacto y ligero para un f\u00e1cil almacenamiento y portabilidad<\/p>\n<p><strong>Ajuste multi-\u00e1ngulo<\/strong>: Gira 360 grados para encontrar el \u00e1ngulo de visi\u00f3n perfecto para cualquier \u00e1ngulo<\/p>","protected":false},"excerpt":{"rendered":"<p>Soporte giratorio para tel\u00e9fono celular de 360\u00b0<\/p>\n<p>&nbsp;<\/p>","protected":false},"featured_media":1014,"comment_status":"open","ping_status":"closed","template":"","meta":[],"product_brand":[],"product_cat":[46],"product_tag":[],"class_list":{"0":"post-1012","1":"product","2":"type-product","3":"status-publish","4":"has-post-thumbnail","6":"product_cat-ferreteria-y-paneles-solares","8":"first","9":"instock","10":"shipping-taxable","11":"purchasable","12":"product-type-simple"},"_links":{"self":[{"href":"https:\/\/losdoctoresdelcelular.com\/en\/wp-json\/wp\/v2\/product\/1012","targetHints":{"allow":["GET"]}}],"collection":[{"href":"https:\/\/losdoctoresdelcelular.com\/en\/wp-json\/wp\/v2\/product"}],"about":[{"href":"https:\/\/losdoctoresdelcelular.com\/en\/wp-json\/wp\/v2\/types\/product"}],"replies":[{"embeddable":true,"href":"https:\/\/losdoctoresdelcelular.com\/en\/wp-json\/wp\/v2\/comments?post=1012"}],"wp:featuredmedia":[{"embeddable":true,"href":"https:\/\/losdoctoresdelcelular.com\/en\/wp-json\/wp\/v2\/media\/1014"}],"wp:attachment":[{"href":"https:\/\/losdoctoresdelcelular.com\/en\/wp-json\/wp\/v2\/media?parent=1012"}],"wp:term":[{"taxonomy":"product_brand","embeddable":true,"href":"https:\/\/losdoctoresdelcelular.com\/en\/wp-json\/wp\/v2\/product_brand?post=1012"},{"taxonomy":"product_cat","embeddable":true,"href":"https:\/\/losdoctoresdelcelular.com\/en\/wp-json\/wp\/v2\/product_cat?post=1012"},{"taxonomy":"product_tag","embeddable":true,"href":"https:\/\/losdoctoresdelcelular.com\/en\/wp-json\/wp\/v2\/product_tag?post=1012"}],"curies":[{"name":"wp","href":"https:\/\/api.w.org\/{rel}","templated":true}]}}