{"id":1004,"date":"2026-02-20T22:09:08","date_gmt":"2026-02-20T22:09:08","guid":{"rendered":"https:\/\/losdoctoresdelcelular.com\/?post_type=product&#038;p=1004"},"modified":"2026-03-22T13:23:34","modified_gmt":"2026-03-22T13:23:34","slug":"correa-de-repuesto-para-reloj-inteligente","status":"publish","type":"product","link":"https:\/\/losdoctoresdelcelular.com\/en\/product\/correa-de-repuesto-para-reloj-inteligente\/","title":{"rendered":"Correa de Repuesto para Reloj Inteligente"},"content":{"rendered":"<ul class=\"a-unordered-list a-vertical a-spacing-small\">\n<li><span class=\"a-list-item a-size-base a-color-base\">Aspecto moderno, inteligente y deportivo: esta correa de reloj est\u00e1 hecha de silicona suave superior, con una hebilla antial\u00e9rgica que es c\u00f3moda y suave alrededor de tu mu\u00f1eca y te da un ajuste limpio e inteligente para todas las ocasiones, ya sea con tu ropa deportiva para entrenamientos, tu uso diario o incluso con tus casuales de negocios.<\/span><\/li>\n<li><span class=\"a-list-item a-size-base a-color-base\">F\u00e1cil de montar: la correa del reloj es conveniente para fijar a su reloj inteligente, ya que viene con pines de liberaci\u00f3n r\u00e1pida preinstalados que usted mismo puede caber en la comodidad de su hogar.<\/span><\/li>\n<li><span class=\"a-list-item a-size-base a-color-base\">C\u00f3moda y justamente resistente al sudor: la correa de silicona suave y premium te da una experiencia de uso c\u00f3moda. Es f\u00e1cil de mantener y bastante resistente al sudor, por lo que es una combinaci\u00f3n perfecta de moda, funci\u00f3n y rendimiento.<\/span><\/li>\n<li><span class=\"a-list-item a-size-base a-color-base\">Duradera y ligera: fabricada con silicona ligera y de alta calidad, la correa es duradera, duradera y puede soportar un uso intensivo. El material es ecol\u00f3gico, no tiene olor peculiar y no se deforma ni se desvanece en color. El material suave es f\u00e1cil en tu mu\u00f1eca durante todo el d\u00eda.<\/span><\/li>\n<li><span class=\"a-list-item a-size-base a-color-base\">Modelo compatible: esta correa de reloj es de 0.787 in de ancho (ancho de leng\u00fceta) y es compatible con Timex Metropolitan S (1.417 in).<\/span><\/li>\n<\/ul>","protected":false},"excerpt":{"rendered":"<div class=\"a-fixed-left-grid product-facts-detail\">\n<div class=\"a-fixed-left-grid-inner\">\n<div class=\"a-fixed-left-grid-col a-col-left\"><strong><span class=\"a-color-base\">Material: <\/span><span class=\"a-color-base\">Silicona<\/span><\/strong><\/div>\n<\/div>\n<\/div>\n<div class=\"a-fixed-left-grid product-facts-detail\">\n<div class=\"a-fixed-left-grid-inner\">\n<div class=\"a-fixed-left-grid-col a-col-left\"><strong><span class=\"a-color-base\">Tipo de metal: <\/span><span class=\"a-color-base\">Sin tipo de metal<\/span><\/strong><\/div>\n<\/div>\n<\/div>\n<div class=\"a-fixed-left-grid product-facts-detail\">\n<div class=\"a-fixed-left-grid-inner\">\n<div class=\"a-fixed-left-grid-col a-col-left\"><strong><span class=\"a-color-base\">Tipo de cierre: <\/span><span class=\"a-color-base\">Hebilla de espiga<\/span><\/strong><\/div>\n<\/div>\n<\/div>\n<p>Accesorio elegante para uso las 24 horas.<\/p>\n<p>Correas de silicona suave, ligera, vibrante, c\u00f3moda y f\u00e1cil de usar. Viaja con estilo entre el gimnasio, la oficina o en cualquier otro lugar con estas correas vers\u00e1tiles y modernas.<\/p>\n<p>Duradero con un ajuste limpio.<\/p>\n<p>Nuestra silicona premium de alta calidad y no alerg\u00e9nica garantiza una gran flexibilidad y un ajuste elegante. Bien elaborado y llamativo, la silicona ligera garantiza transpirabilidad y resistencia al sudor. Ya sea tu pasatiempo o tu profesi\u00f3n que te lleve al exterior resistente, estas correas de reloj te tienen la espalda, desempolvarlas, lavarlas y listo.<\/p>\n<p>&nbsp;<\/p>","protected":false},"featured_media":1005,"comment_status":"open","ping_status":"closed","template":"","meta":[],"product_brand":[],"product_cat":[15],"product_tag":[],"class_list":{"0":"post-1004","1":"product","2":"type-product","3":"status-publish","4":"has-post-thumbnail","6":"product_cat-uncategorized","8":"first","9":"instock","10":"shipping-taxable","11":"purchasable","12":"product-type-simple"},"_links":{"self":[{"href":"https:\/\/losdoctoresdelcelular.com\/en\/wp-json\/wp\/v2\/product\/1004","targetHints":{"allow":["GET"]}}],"collection":[{"href":"https:\/\/losdoctoresdelcelular.com\/en\/wp-json\/wp\/v2\/product"}],"about":[{"href":"https:\/\/losdoctoresdelcelular.com\/en\/wp-json\/wp\/v2\/types\/product"}],"replies":[{"embeddable":true,"href":"https:\/\/losdoctoresdelcelular.com\/en\/wp-json\/wp\/v2\/comments?post=1004"}],"wp:featuredmedia":[{"embeddable":true,"href":"https:\/\/losdoctoresdelcelular.com\/en\/wp-json\/wp\/v2\/media\/1005"}],"wp:attachment":[{"href":"https:\/\/losdoctoresdelcelular.com\/en\/wp-json\/wp\/v2\/media?parent=1004"}],"wp:term":[{"taxonomy":"product_brand","embeddable":true,"href":"https:\/\/losdoctoresdelcelular.com\/en\/wp-json\/wp\/v2\/product_brand?post=1004"},{"taxonomy":"product_cat","embeddable":true,"href":"https:\/\/losdoctoresdelcelular.com\/en\/wp-json\/wp\/v2\/product_cat?post=1004"},{"taxonomy":"product_tag","embeddable":true,"href":"https:\/\/losdoctoresdelcelular.com\/en\/wp-json\/wp\/v2\/product_tag?post=1004"}],"curies":[{"name":"wp","href":"https:\/\/api.w.org\/{rel}","templated":true}]}}